{"id":5658,"date":"2022-01-20T15:45:52","date_gmt":"2022-01-20T13:45:52","guid":{"rendered":"https:\/\/musicasacragranollers.org\/enlaces-de-interes\/"},"modified":"2022-01-20T15:46:01","modified_gmt":"2022-01-20T13:46:01","slug":"enlaces-de-interes","status":"publish","type":"page","link":"https:\/\/musicasacragranollers.org\/es\/enlaces-de-interes\/","title":{"rendered":"Enlaces de inter\u00e9s"},"content":{"rendered":"","protected":false},"excerpt":{"rendered":"","protected":false},"author":1,"featured_media":5532,"parent":0,"menu_order":0,"comment_status":"closed","ping_status":"closed","template":"","meta":{"_acf_changed":false,"footnotes":""},"class_list":["post-5658","page","type-page","status-publish","has-post-thumbnail"],"acf":[],"yoast_head":"<!-- This site is optimized with the Yoast SEO plugin v24.3 - https:\/\/yoast.com\/wordpress\/plugins\/seo\/ -->\n<title>Enlaces de inter\u00e9s - Fundaci\u00f3 Pro M\u00fasica Sacra Granollers<\/title>\n<meta name=\"robots\" content=\"index, follow, max-snippet:-1, max-image-preview:large, max-video-preview:-1\" \/>\n<link rel=\"canonical\" href=\"https:\/\/musicasacragranollers.org\/es\/enlaces-de-interes\/\" \/>\n<meta property=\"og:locale\" content=\"es_ES\" \/>\n<meta property=\"og:type\" content=\"article\" \/>\n<meta property=\"og:title\" content=\"Enlaces de inter\u00e9s - Fundaci\u00f3 Pro M\u00fasica Sacra Granollers\" \/>\n<meta property=\"og:url\" content=\"https:\/\/musicasacragranollers.org\/es\/enlaces-de-interes\/\" \/>\n<meta property=\"og:site_name\" content=\"Fundaci\u00f3 Pro M\u00fasica Sacra Granollers\" \/>\n<meta property=\"article:modified_time\" content=\"2022-01-20T13:46:01+00:00\" \/>\n<meta property=\"og:image\" content=\"https:\/\/musicasacragranollers.org\/wp-content\/uploads\/2022\/01\/Orgue-Josep_Maria-Ruera-Granollers-3.jpg\" \/>\n\t<meta property=\"og:image:width\" content=\"2000\" \/>\n\t<meta property=\"og:image:height\" content=\"1333\" \/>\n\t<meta property=\"og:image:type\" content=\"image\/jpeg\" \/>\n<meta name=\"twitter:card\" content=\"summary_large_image\" \/>\n<script type=\"application\/ld+json\" class=\"yoast-schema-graph\">{\"@context\":\"https:\/\/schema.org\",\"@graph\":[{\"@type\":\"WebPage\",\"@id\":\"https:\/\/musicasacragranollers.org\/es\/enlaces-de-interes\/\",\"url\":\"https:\/\/musicasacragranollers.org\/es\/enlaces-de-interes\/\",\"name\":\"Enlaces de inter\u00e9s - Fundaci\u00f3 Pro M\u00fasica Sacra Granollers\",\"isPartOf\":{\"@id\":\"https:\/\/musicasacragranollers.org\/#website\"},\"primaryImageOfPage\":{\"@id\":\"https:\/\/musicasacragranollers.org\/es\/enlaces-de-interes\/#primaryimage\"},\"image\":{\"@id\":\"https:\/\/musicasacragranollers.org\/es\/enlaces-de-interes\/#primaryimage\"},\"thumbnailUrl\":\"https:\/\/musicasacragranollers.org\/wp-content\/uploads\/2022\/01\/Orgue-Josep_Maria-Ruera-Granollers-3.jpg\",\"datePublished\":\"2022-01-20T13:45:52+00:00\",\"dateModified\":\"2022-01-20T13:46:01+00:00\",\"breadcrumb\":{\"@id\":\"https:\/\/musicasacragranollers.org\/es\/enlaces-de-interes\/#breadcrumb\"},\"inLanguage\":\"es\",\"potentialAction\":[{\"@type\":\"ReadAction\",\"target\":[\"https:\/\/musicasacragranollers.org\/es\/enlaces-de-interes\/\"]}]},{\"@type\":\"ImageObject\",\"inLanguage\":\"es\",\"@id\":\"https:\/\/musicasacragranollers.org\/es\/enlaces-de-interes\/#primaryimage\",\"url\":\"https:\/\/musicasacragranollers.org\/wp-content\/uploads\/2022\/01\/Orgue-Josep_Maria-Ruera-Granollers-3.jpg\",\"contentUrl\":\"https:\/\/musicasacragranollers.org\/wp-content\/uploads\/2022\/01\/Orgue-Josep_Maria-Ruera-Granollers-3.jpg\",\"width\":2000,\"height\":1333},{\"@type\":\"BreadcrumbList\",\"@id\":\"https:\/\/musicasacragranollers.org\/es\/enlaces-de-interes\/#breadcrumb\",\"itemListElement\":[{\"@type\":\"ListItem\",\"position\":1,\"name\":\"Inici\",\"item\":\"https:\/\/musicasacragranollers.org\/es\/\"},{\"@type\":\"ListItem\",\"position\":2,\"name\":\"Enlaces de inter\u00e9s\"}]},{\"@type\":\"WebSite\",\"@id\":\"https:\/\/musicasacragranollers.org\/#website\",\"url\":\"https:\/\/musicasacragranollers.org\/\",\"name\":\"Fundaci\u00f3 Pro M\u00fasica Sacra Granollers\",\"description\":\"\",\"publisher\":{\"@id\":\"https:\/\/musicasacragranollers.org\/#organization\"},\"potentialAction\":[{\"@type\":\"SearchAction\",\"target\":{\"@type\":\"EntryPoint\",\"urlTemplate\":\"https:\/\/musicasacragranollers.org\/?s={search_term_string}\"},\"query-input\":{\"@type\":\"PropertyValueSpecification\",\"valueRequired\":true,\"valueName\":\"search_term_string\"}}],\"inLanguage\":\"es\"},{\"@type\":\"Organization\",\"@id\":\"https:\/\/musicasacragranollers.org\/#organization\",\"name\":\"Fundaci\u00f3 Pro M\u00fasica Sacra Granollers\",\"url\":\"https:\/\/musicasacragranollers.org\/\",\"logo\":{\"@type\":\"ImageObject\",\"inLanguage\":\"es\",\"@id\":\"https:\/\/musicasacragranollers.org\/#\/schema\/logo\/image\/\",\"url\":\"https:\/\/musicasacragranollers.org\/wp-content\/uploads\/2021\/10\/MusicaSacraGranollers_bl-1.png\",\"contentUrl\":\"https:\/\/musicasacragranollers.org\/wp-content\/uploads\/2021\/10\/MusicaSacraGranollers_bl-1.png\",\"width\":500,\"height\":232,\"caption\":\"Fundaci\u00f3 Pro M\u00fasica Sacra Granollers\"},\"image\":{\"@id\":\"https:\/\/musicasacragranollers.org\/#\/schema\/logo\/image\/\"}}]}<\/script>\n<!-- \/ Yoast SEO plugin. -->","yoast_head_json":{"title":"Enlaces de inter\u00e9s - Fundaci\u00f3 Pro M\u00fasica Sacra Granollers","robots":{"index":"index","follow":"follow","max-snippet":"max-snippet:-1","max-image-preview":"max-image-preview:large","max-video-preview":"max-video-preview:-1"},"canonical":"https:\/\/musicasacragranollers.org\/es\/enlaces-de-interes\/","og_locale":"es_ES","og_type":"article","og_title":"Enlaces de inter\u00e9s - Fundaci\u00f3 Pro M\u00fasica Sacra Granollers","og_url":"https:\/\/musicasacragranollers.org\/es\/enlaces-de-interes\/","og_site_name":"Fundaci\u00f3 Pro M\u00fasica Sacra Granollers","article_modified_time":"2022-01-20T13:46:01+00:00","og_image":[{"width":2000,"height":1333,"url":"https:\/\/musicasacragranollers.org\/wp-content\/uploads\/2022\/01\/Orgue-Josep_Maria-Ruera-Granollers-3.jpg","type":"image\/jpeg"}],"twitter_card":"summary_large_image","schema":{"@context":"https:\/\/schema.org","@graph":[{"@type":"WebPage","@id":"https:\/\/musicasacragranollers.org\/es\/enlaces-de-interes\/","url":"https:\/\/musicasacragranollers.org\/es\/enlaces-de-interes\/","name":"Enlaces de inter\u00e9s - Fundaci\u00f3 Pro M\u00fasica Sacra Granollers","isPartOf":{"@id":"https:\/\/musicasacragranollers.org\/#website"},"primaryImageOfPage":{"@id":"https:\/\/musicasacragranollers.org\/es\/enlaces-de-interes\/#primaryimage"},"image":{"@id":"https:\/\/musicasacragranollers.org\/es\/enlaces-de-interes\/#primaryimage"},"thumbnailUrl":"https:\/\/musicasacragranollers.org\/wp-content\/uploads\/2022\/01\/Orgue-Josep_Maria-Ruera-Granollers-3.jpg","datePublished":"2022-01-20T13:45:52+00:00","dateModified":"2022-01-20T13:46:01+00:00","breadcrumb":{"@id":"https:\/\/musicasacragranollers.org\/es\/enlaces-de-interes\/#breadcrumb"},"inLanguage":"es","potentialAction":[{"@type":"ReadAction","target":["https:\/\/musicasacragranollers.org\/es\/enlaces-de-interes\/"]}]},{"@type":"ImageObject","inLanguage":"es","@id":"https:\/\/musicasacragranollers.org\/es\/enlaces-de-interes\/#primaryimage","url":"https:\/\/musicasacragranollers.org\/wp-content\/uploads\/2022\/01\/Orgue-Josep_Maria-Ruera-Granollers-3.jpg","contentUrl":"https:\/\/musicasacragranollers.org\/wp-content\/uploads\/2022\/01\/Orgue-Josep_Maria-Ruera-Granollers-3.jpg","width":2000,"height":1333},{"@type":"BreadcrumbList","@id":"https:\/\/musicasacragranollers.org\/es\/enlaces-de-interes\/#breadcrumb","itemListElement":[{"@type":"ListItem","position":1,"name":"Inici","item":"https:\/\/musicasacragranollers.org\/es\/"},{"@type":"ListItem","position":2,"name":"Enlaces de inter\u00e9s"}]},{"@type":"WebSite","@id":"https:\/\/musicasacragranollers.org\/#website","url":"https:\/\/musicasacragranollers.org\/","name":"Fundaci\u00f3 Pro M\u00fasica Sacra Granollers","description":"","publisher":{"@id":"https:\/\/musicasacragranollers.org\/#organization"},"potentialAction":[{"@type":"SearchAction","target":{"@type":"EntryPoint","urlTemplate":"https:\/\/musicasacragranollers.org\/?s={search_term_string}"},"query-input":{"@type":"PropertyValueSpecification","valueRequired":true,"valueName":"search_term_string"}}],"inLanguage":"es"},{"@type":"Organization","@id":"https:\/\/musicasacragranollers.org\/#organization","name":"Fundaci\u00f3 Pro M\u00fasica Sacra Granollers","url":"https:\/\/musicasacragranollers.org\/","logo":{"@type":"ImageObject","inLanguage":"es","@id":"https:\/\/musicasacragranollers.org\/#\/schema\/logo\/image\/","url":"https:\/\/musicasacragranollers.org\/wp-content\/uploads\/2021\/10\/MusicaSacraGranollers_bl-1.png","contentUrl":"https:\/\/musicasacragranollers.org\/wp-content\/uploads\/2021\/10\/MusicaSacraGranollers_bl-1.png","width":500,"height":232,"caption":"Fundaci\u00f3 Pro M\u00fasica Sacra Granollers"},"image":{"@id":"https:\/\/musicasacragranollers.org\/#\/schema\/logo\/image\/"}}]}},"_links":{"self":[{"href":"https:\/\/musicasacragranollers.org\/es\/wp-json\/wp\/v2\/pages\/5658","targetHints":{"allow":["GET"]}}],"collection":[{"href":"https:\/\/musicasacragranollers.org\/es\/wp-json\/wp\/v2\/pages"}],"about":[{"href":"https:\/\/musicasacragranollers.org\/es\/wp-json\/wp\/v2\/types\/page"}],"author":[{"embeddable":true,"href":"https:\/\/musicasacragranollers.org\/es\/wp-json\/wp\/v2\/users\/1"}],"replies":[{"embeddable":true,"href":"https:\/\/musicasacragranollers.org\/es\/wp-json\/wp\/v2\/comments?post=5658"}],"version-history":[{"count":1,"href":"https:\/\/musicasacragranollers.org\/es\/wp-json\/wp\/v2\/pages\/5658\/revisions"}],"predecessor-version":[{"id":5659,"href":"https:\/\/musicasacragranollers.org\/es\/wp-json\/wp\/v2\/pages\/5658\/revisions\/5659"}],"wp:featuredmedia":[{"embeddable":true,"href":"https:\/\/musicasacragranollers.org\/es\/wp-json\/wp\/v2\/media\/5532"}],"wp:attachment":[{"href":"https:\/\/musicasacragranollers.org\/es\/wp-json\/wp\/v2\/media?parent=5658"}],"curies":[{"name":"wp","href":"https:\/\/api.w.org\/{rel}","templated":true}]}}