{"id":5591,"date":"2022-01-18T17:06:37","date_gmt":"2022-01-18T15:06:37","guid":{"rendered":"https:\/\/musicasacragranollers.org\/actividades-pedagogicas\/"},"modified":"2022-01-18T17:06:38","modified_gmt":"2022-01-18T15:06:38","slug":"actividades-pedagogicas","status":"publish","type":"page","link":"https:\/\/musicasacragranollers.org\/es\/actividades-pedagogicas\/","title":{"rendered":"Actividades pedag\u00f3gicas"},"content":{"rendered":"\n<p>La actividad pedag\u00f3gica desarrollada alrededor del \u00f3rgano <em>Josep Maria Ruera<\/em> se estructura en dos vertientes: la difusi\u00f3n del instrumento y la m\u00fasica de \u00f3rgano a nivel escolar y la organizaci\u00f3n de actividades docentes espec\u00edficas para estudiantes y profesionales de este instrumento.<\/p>\n\n<p>En la vertiente escolar, la Fundaci\u00f3 colabora con las asociaciones ciudadanas para dar a conocer el instrumento. 1.300 ni\u00f1os y ni\u00f1as de ense\u00f1anza primaria participaron en las primeras ediciones pedag\u00f3gicas. <\/p>\n\n<p>La vertiente de formaci\u00f3n a nivel de estudiantes de m\u00fasica y profesionales se concreta en la organizaci\u00f3n de Clases Magistrales de Interpretaci\u00f3n de \u00f3rgano, impartidas por los organistas internacionales que nos visitan para conciertos. Actualmente exceden las 20 ediciones, en las que han participado organistas de muchos pa\u00edses distintos. El inter\u00e9s generado por estas iniciativas se ha hecho extensivo al pa\u00eds, y deseamos poder servir de punto de encuentro para los estudiantes y profesionales del \u00f3rgano.  <\/p>\n\n<p>El \u00f3rgano forma parte de la oferta instrumental de l\u2019<em>Escola Municipal de M\u00fasica i Conservatori Josep Maria Ruera<\/em>, de Granollers.<\/p>\n","protected":false},"excerpt":{"rendered":"<p>La actividad pedag\u00f3gica desarrollada alrededor del \u00f3rgano Josep Maria Ruera se estructura en dos vertientes: la difusi\u00f3n del instrumento y la m\u00fasica de \u00f3rgano a nivel escolar y la organizaci\u00f3n de actividades docentes espec\u00edficas para estudiantes y profesionales de este instrumento. En la vertiente escolar, la Fundaci\u00f3 colabora con las asociaciones ciudadanas para dar a &#8230; <\/p>\n<p class=\"read-more-container\"><a title=\"Actividades pedag\u00f3gicas\" class=\"read-more button\" href=\"https:\/\/musicasacragranollers.org\/es\/actividades-pedagogicas\/#more-5591\" aria-label=\"Leer m\u00e1s sobre Actividades pedag\u00f3gicas\">LLEGIR M\u00c9S&#8230;<\/a><\/p>\n","protected":false},"author":1,"featured_media":5534,"parent":0,"menu_order":0,"comment_status":"closed","ping_status":"closed","template":"","meta":{"_acf_changed":false,"footnotes":""},"class_list":["post-5591","page","type-page","status-publish","has-post-thumbnail"],"acf":[],"yoast_head":"<!-- This site is optimized with the Yoast SEO plugin v24.3 - https:\/\/yoast.com\/wordpress\/plugins\/seo\/ -->\n<title>Actividades pedag\u00f3gicas - Fundaci\u00f3 Pro M\u00fasica Sacra Granollers<\/title>\n<meta name=\"robots\" content=\"index, follow, max-snippet:-1, max-image-preview:large, max-video-preview:-1\" \/>\n<link rel=\"canonical\" href=\"https:\/\/musicasacragranollers.org\/es\/actividades-pedagogicas\/\" \/>\n<meta property=\"og:locale\" content=\"es_ES\" \/>\n<meta property=\"og:type\" content=\"article\" \/>\n<meta property=\"og:title\" content=\"Actividades pedag\u00f3gicas - Fundaci\u00f3 Pro M\u00fasica Sacra Granollers\" \/>\n<meta property=\"og:description\" content=\"La actividad pedag\u00f3gica desarrollada alrededor del \u00f3rgano Josep Maria Ruera se estructura en dos vertientes: la difusi\u00f3n del instrumento y la m\u00fasica de \u00f3rgano a nivel escolar y la organizaci\u00f3n de actividades docentes espec\u00edficas para estudiantes y profesionales de este instrumento. En la vertiente escolar, la Fundaci\u00f3 colabora con las asociaciones ciudadanas para dar a ... LLEGIR M\u00c9S...\" \/>\n<meta property=\"og:url\" content=\"https:\/\/musicasacragranollers.org\/es\/actividades-pedagogicas\/\" \/>\n<meta property=\"og:site_name\" content=\"Fundaci\u00f3 Pro M\u00fasica Sacra Granollers\" \/>\n<meta property=\"article:modified_time\" content=\"2022-01-18T15:06:38+00:00\" \/>\n<meta property=\"og:image\" content=\"https:\/\/musicasacragranollers.org\/wp-content\/uploads\/2022\/01\/Orgue-Josep_Maria-Ruera-Granollers-4.jpg\" \/>\n\t<meta property=\"og:image:width\" content=\"2000\" \/>\n\t<meta property=\"og:image:height\" content=\"1333\" \/>\n\t<meta property=\"og:image:type\" content=\"image\/jpeg\" \/>\n<meta name=\"twitter:card\" content=\"summary_large_image\" \/>\n<meta name=\"twitter:label1\" content=\"Tiempo de lectura\" \/>\n\t<meta name=\"twitter:data1\" content=\"1 minuto\" \/>\n<script type=\"application\/ld+json\" class=\"yoast-schema-graph\">{\"@context\":\"https:\/\/schema.org\",\"@graph\":[{\"@type\":\"WebPage\",\"@id\":\"https:\/\/musicasacragranollers.org\/es\/actividades-pedagogicas\/\",\"url\":\"https:\/\/musicasacragranollers.org\/es\/actividades-pedagogicas\/\",\"name\":\"Actividades pedag\u00f3gicas - Fundaci\u00f3 Pro M\u00fasica Sacra Granollers\",\"isPartOf\":{\"@id\":\"https:\/\/musicasacragranollers.org\/#website\"},\"primaryImageOfPage\":{\"@id\":\"https:\/\/musicasacragranollers.org\/es\/actividades-pedagogicas\/#primaryimage\"},\"image\":{\"@id\":\"https:\/\/musicasacragranollers.org\/es\/actividades-pedagogicas\/#primaryimage\"},\"thumbnailUrl\":\"https:\/\/musicasacragranollers.org\/wp-content\/uploads\/2022\/01\/Orgue-Josep_Maria-Ruera-Granollers-4.jpg\",\"datePublished\":\"2022-01-18T15:06:37+00:00\",\"dateModified\":\"2022-01-18T15:06:38+00:00\",\"breadcrumb\":{\"@id\":\"https:\/\/musicasacragranollers.org\/es\/actividades-pedagogicas\/#breadcrumb\"},\"inLanguage\":\"es\",\"potentialAction\":[{\"@type\":\"ReadAction\",\"target\":[\"https:\/\/musicasacragranollers.org\/es\/actividades-pedagogicas\/\"]}]},{\"@type\":\"ImageObject\",\"inLanguage\":\"es\",\"@id\":\"https:\/\/musicasacragranollers.org\/es\/actividades-pedagogicas\/#primaryimage\",\"url\":\"https:\/\/musicasacragranollers.org\/wp-content\/uploads\/2022\/01\/Orgue-Josep_Maria-Ruera-Granollers-4.jpg\",\"contentUrl\":\"https:\/\/musicasacragranollers.org\/wp-content\/uploads\/2022\/01\/Orgue-Josep_Maria-Ruera-Granollers-4.jpg\",\"width\":2000,\"height\":1333},{\"@type\":\"BreadcrumbList\",\"@id\":\"https:\/\/musicasacragranollers.org\/es\/actividades-pedagogicas\/#breadcrumb\",\"itemListElement\":[{\"@type\":\"ListItem\",\"position\":1,\"name\":\"Inici\",\"item\":\"https:\/\/musicasacragranollers.org\/es\/\"},{\"@type\":\"ListItem\",\"position\":2,\"name\":\"Actividades pedag\u00f3gicas\"}]},{\"@type\":\"WebSite\",\"@id\":\"https:\/\/musicasacragranollers.org\/#website\",\"url\":\"https:\/\/musicasacragranollers.org\/\",\"name\":\"Fundaci\u00f3 Pro M\u00fasica Sacra Granollers\",\"description\":\"\",\"publisher\":{\"@id\":\"https:\/\/musicasacragranollers.org\/#organization\"},\"potentialAction\":[{\"@type\":\"SearchAction\",\"target\":{\"@type\":\"EntryPoint\",\"urlTemplate\":\"https:\/\/musicasacragranollers.org\/?s={search_term_string}\"},\"query-input\":{\"@type\":\"PropertyValueSpecification\",\"valueRequired\":true,\"valueName\":\"search_term_string\"}}],\"inLanguage\":\"es\"},{\"@type\":\"Organization\",\"@id\":\"https:\/\/musicasacragranollers.org\/#organization\",\"name\":\"Fundaci\u00f3 Pro M\u00fasica Sacra Granollers\",\"url\":\"https:\/\/musicasacragranollers.org\/\",\"logo\":{\"@type\":\"ImageObject\",\"inLanguage\":\"es\",\"@id\":\"https:\/\/musicasacragranollers.org\/#\/schema\/logo\/image\/\",\"url\":\"https:\/\/musicasacragranollers.org\/wp-content\/uploads\/2021\/10\/MusicaSacraGranollers_bl-1.png\",\"contentUrl\":\"https:\/\/musicasacragranollers.org\/wp-content\/uploads\/2021\/10\/MusicaSacraGranollers_bl-1.png\",\"width\":500,\"height\":232,\"caption\":\"Fundaci\u00f3 Pro M\u00fasica Sacra Granollers\"},\"image\":{\"@id\":\"https:\/\/musicasacragranollers.org\/#\/schema\/logo\/image\/\"}}]}<\/script>\n<!-- \/ Yoast SEO plugin. -->","yoast_head_json":{"title":"Actividades pedag\u00f3gicas - Fundaci\u00f3 Pro M\u00fasica Sacra Granollers","robots":{"index":"index","follow":"follow","max-snippet":"max-snippet:-1","max-image-preview":"max-image-preview:large","max-video-preview":"max-video-preview:-1"},"canonical":"https:\/\/musicasacragranollers.org\/es\/actividades-pedagogicas\/","og_locale":"es_ES","og_type":"article","og_title":"Actividades pedag\u00f3gicas - Fundaci\u00f3 Pro M\u00fasica Sacra Granollers","og_description":"La actividad pedag\u00f3gica desarrollada alrededor del \u00f3rgano Josep Maria Ruera se estructura en dos vertientes: la difusi\u00f3n del instrumento y la m\u00fasica de \u00f3rgano a nivel escolar y la organizaci\u00f3n de actividades docentes espec\u00edficas para estudiantes y profesionales de este instrumento. En la vertiente escolar, la Fundaci\u00f3 colabora con las asociaciones ciudadanas para dar a ... LLEGIR M\u00c9S...","og_url":"https:\/\/musicasacragranollers.org\/es\/actividades-pedagogicas\/","og_site_name":"Fundaci\u00f3 Pro M\u00fasica Sacra Granollers","article_modified_time":"2022-01-18T15:06:38+00:00","og_image":[{"width":2000,"height":1333,"url":"https:\/\/musicasacragranollers.org\/wp-content\/uploads\/2022\/01\/Orgue-Josep_Maria-Ruera-Granollers-4.jpg","type":"image\/jpeg"}],"twitter_card":"summary_large_image","twitter_misc":{"Tiempo de lectura":"1 minuto"},"schema":{"@context":"https:\/\/schema.org","@graph":[{"@type":"WebPage","@id":"https:\/\/musicasacragranollers.org\/es\/actividades-pedagogicas\/","url":"https:\/\/musicasacragranollers.org\/es\/actividades-pedagogicas\/","name":"Actividades pedag\u00f3gicas - Fundaci\u00f3 Pro M\u00fasica Sacra Granollers","isPartOf":{"@id":"https:\/\/musicasacragranollers.org\/#website"},"primaryImageOfPage":{"@id":"https:\/\/musicasacragranollers.org\/es\/actividades-pedagogicas\/#primaryimage"},"image":{"@id":"https:\/\/musicasacragranollers.org\/es\/actividades-pedagogicas\/#primaryimage"},"thumbnailUrl":"https:\/\/musicasacragranollers.org\/wp-content\/uploads\/2022\/01\/Orgue-Josep_Maria-Ruera-Granollers-4.jpg","datePublished":"2022-01-18T15:06:37+00:00","dateModified":"2022-01-18T15:06:38+00:00","breadcrumb":{"@id":"https:\/\/musicasacragranollers.org\/es\/actividades-pedagogicas\/#breadcrumb"},"inLanguage":"es","potentialAction":[{"@type":"ReadAction","target":["https:\/\/musicasacragranollers.org\/es\/actividades-pedagogicas\/"]}]},{"@type":"ImageObject","inLanguage":"es","@id":"https:\/\/musicasacragranollers.org\/es\/actividades-pedagogicas\/#primaryimage","url":"https:\/\/musicasacragranollers.org\/wp-content\/uploads\/2022\/01\/Orgue-Josep_Maria-Ruera-Granollers-4.jpg","contentUrl":"https:\/\/musicasacragranollers.org\/wp-content\/uploads\/2022\/01\/Orgue-Josep_Maria-Ruera-Granollers-4.jpg","width":2000,"height":1333},{"@type":"BreadcrumbList","@id":"https:\/\/musicasacragranollers.org\/es\/actividades-pedagogicas\/#breadcrumb","itemListElement":[{"@type":"ListItem","position":1,"name":"Inici","item":"https:\/\/musicasacragranollers.org\/es\/"},{"@type":"ListItem","position":2,"name":"Actividades pedag\u00f3gicas"}]},{"@type":"WebSite","@id":"https:\/\/musicasacragranollers.org\/#website","url":"https:\/\/musicasacragranollers.org\/","name":"Fundaci\u00f3 Pro M\u00fasica Sacra Granollers","description":"","publisher":{"@id":"https:\/\/musicasacragranollers.org\/#organization"},"potentialAction":[{"@type":"SearchAction","target":{"@type":"EntryPoint","urlTemplate":"https:\/\/musicasacragranollers.org\/?s={search_term_string}"},"query-input":{"@type":"PropertyValueSpecification","valueRequired":true,"valueName":"search_term_string"}}],"inLanguage":"es"},{"@type":"Organization","@id":"https:\/\/musicasacragranollers.org\/#organization","name":"Fundaci\u00f3 Pro M\u00fasica Sacra Granollers","url":"https:\/\/musicasacragranollers.org\/","logo":{"@type":"ImageObject","inLanguage":"es","@id":"https:\/\/musicasacragranollers.org\/#\/schema\/logo\/image\/","url":"https:\/\/musicasacragranollers.org\/wp-content\/uploads\/2021\/10\/MusicaSacraGranollers_bl-1.png","contentUrl":"https:\/\/musicasacragranollers.org\/wp-content\/uploads\/2021\/10\/MusicaSacraGranollers_bl-1.png","width":500,"height":232,"caption":"Fundaci\u00f3 Pro M\u00fasica Sacra Granollers"},"image":{"@id":"https:\/\/musicasacragranollers.org\/#\/schema\/logo\/image\/"}}]}},"_links":{"self":[{"href":"https:\/\/musicasacragranollers.org\/es\/wp-json\/wp\/v2\/pages\/5591","targetHints":{"allow":["GET"]}}],"collection":[{"href":"https:\/\/musicasacragranollers.org\/es\/wp-json\/wp\/v2\/pages"}],"about":[{"href":"https:\/\/musicasacragranollers.org\/es\/wp-json\/wp\/v2\/types\/page"}],"author":[{"embeddable":true,"href":"https:\/\/musicasacragranollers.org\/es\/wp-json\/wp\/v2\/users\/1"}],"replies":[{"embeddable":true,"href":"https:\/\/musicasacragranollers.org\/es\/wp-json\/wp\/v2\/comments?post=5591"}],"version-history":[{"count":1,"href":"https:\/\/musicasacragranollers.org\/es\/wp-json\/wp\/v2\/pages\/5591\/revisions"}],"predecessor-version":[{"id":5592,"href":"https:\/\/musicasacragranollers.org\/es\/wp-json\/wp\/v2\/pages\/5591\/revisions\/5592"}],"wp:featuredmedia":[{"embeddable":true,"href":"https:\/\/musicasacragranollers.org\/es\/wp-json\/wp\/v2\/media\/5534"}],"wp:attachment":[{"href":"https:\/\/musicasacragranollers.org\/es\/wp-json\/wp\/v2\/media?parent=5591"}],"curies":[{"name":"wp","href":"https:\/\/api.w.org\/{rel}","templated":true}]}}