{"id":5586,"date":"2022-01-18T17:00:18","date_gmt":"2022-01-18T15:00:18","guid":{"rendered":"https:\/\/musicasacragranollers.org\/la-fundacion\/"},"modified":"2022-01-18T17:00:24","modified_gmt":"2022-01-18T15:00:24","slug":"la-fundacion","status":"publish","type":"page","link":"https:\/\/musicasacragranollers.org\/es\/la-fundacion\/","title":{"rendered":"La Fundaci\u00f3n"},"content":{"rendered":"\n<div class=\"wp-block-columns is-layout-flex wp-container-core-columns-is-layout-9d6595d7 wp-block-columns-is-layout-flex\">\n<div class=\"wp-block-column is-layout-flow wp-block-column-is-layout-flow\">\n<figure class=\"wp-block-image size-large\"><img loading=\"lazy\" decoding=\"async\" width=\"1024\" height=\"682\" src=\"https:\/\/musicasacragranollers.org\/wp-content\/uploads\/2022\/01\/Orgue-Josep_Maria-Ruera-Granollers-trompetes-1024x682.jpg\" alt=\"\" class=\"wp-image-5523\" srcset=\"https:\/\/musicasacragranollers.org\/wp-content\/uploads\/2022\/01\/Orgue-Josep_Maria-Ruera-Granollers-trompetes-1024x682.jpg 1024w, https:\/\/musicasacragranollers.org\/wp-content\/uploads\/2022\/01\/Orgue-Josep_Maria-Ruera-Granollers-trompetes-300x200.jpg 300w, https:\/\/musicasacragranollers.org\/wp-content\/uploads\/2022\/01\/Orgue-Josep_Maria-Ruera-Granollers-trompetes-768x512.jpg 768w, https:\/\/musicasacragranollers.org\/wp-content\/uploads\/2022\/01\/Orgue-Josep_Maria-Ruera-Granollers-trompetes-1536x1024.jpg 1536w, https:\/\/musicasacragranollers.org\/wp-content\/uploads\/2022\/01\/Orgue-Josep_Maria-Ruera-Granollers-trompetes.jpg 2000w\" sizes=\"auto, (max-width: 1024px) 100vw, 1024px\" \/><\/figure>\n<\/div>\n\n\n\n<div class=\"wp-block-column is-layout-flow wp-block-column-is-layout-flow\">\n<p>La <strong>Fundaci\u00f3 Pro M\u00fasica Sacra Granollers<\/strong> es una fundaci\u00f3n privada can\u00f3nica promovida por la Parroquia de Sant Esteve de Granollers, erigida en 2009 por el obispo de Terrassa, Mons. Josep \u00c0ngel Saiz Meneses. Est\u00e1 inscrita en el registro del Ministerio de Just\u00edcia.  <\/p>\n\n\n\n<p>El President del Patronat \u00e9s actualment Mn. Josep Monfort Mengod. <\/p>\n\n\n\n<p>Su finalidad estatutaria principal es la de promover el cultivo y la difusi\u00f3n de la m\u00fasica sacra, especialmente la vocal y la relacionada con el \u00f3rgano.<\/p>\n\n\n\n<p>Gestiona todas las actividades culturales que se organizan alrededor el \u00f3rgano <em>Josep Maria Ruera<\/em> de Sant Esteve de Granollers. La financiaci\u00f3n de estas actividades proviene de las ayudas, convenios y donativos que la Fundaci\u00f3n puede establecer y recibir de instituciones, empresas y particulares. <\/p>\n\n\n\n<p>El reconocimiento de la Fundaci\u00f3n como entidad de car\u00e1cter social permite que todas las aportaciones destinadas a sus finalidades disfruten de la correspondiente desgravaci\u00f3n fiscal.<\/p>\n<\/div>\n<\/div>\n","protected":false},"excerpt":{"rendered":"<p>La Fundaci\u00f3 Pro M\u00fasica Sacra Granollers es una fundaci\u00f3n privada can\u00f3nica promovida por la Parroquia de Sant Esteve de Granollers, erigida en 2009 por el obispo de Terrassa, Mons. Josep \u00c0ngel Saiz Meneses. Est\u00e1 inscrita en el registro del Ministerio de Just\u00edcia. El President del Patronat \u00e9s actualment Mn. Josep Monfort Mengod. Su finalidad estatutaria &#8230; <\/p>\n<p class=\"read-more-container\"><a title=\"La Fundaci\u00f3n\" class=\"read-more button\" href=\"https:\/\/musicasacragranollers.org\/es\/la-fundacion\/#more-5586\" aria-label=\"Leer m\u00e1s sobre La Fundaci\u00f3n\">LLEGIR M\u00c9S&#8230;<\/a><\/p>\n","protected":false},"author":1,"featured_media":5430,"parent":0,"menu_order":0,"comment_status":"closed","ping_status":"closed","template":"","meta":{"_acf_changed":false,"footnotes":""},"class_list":["post-5586","page","type-page","status-publish","has-post-thumbnail"],"acf":[],"yoast_head":"<!-- This site is optimized with the Yoast SEO plugin v24.3 - https:\/\/yoast.com\/wordpress\/plugins\/seo\/ -->\n<title>La Fundaci\u00f3n - Fundaci\u00f3 Pro M\u00fasica Sacra Granollers<\/title>\n<meta name=\"robots\" content=\"index, follow, max-snippet:-1, max-image-preview:large, max-video-preview:-1\" \/>\n<link rel=\"canonical\" href=\"https:\/\/musicasacragranollers.org\/es\/la-fundacion\/\" \/>\n<meta property=\"og:locale\" content=\"es_ES\" \/>\n<meta property=\"og:type\" content=\"article\" \/>\n<meta property=\"og:title\" content=\"La Fundaci\u00f3n - Fundaci\u00f3 Pro M\u00fasica Sacra Granollers\" \/>\n<meta property=\"og:description\" content=\"La Fundaci\u00f3 Pro M\u00fasica Sacra Granollers es una fundaci\u00f3n privada can\u00f3nica promovida por la Parroquia de Sant Esteve de Granollers, erigida en 2009 por el obispo de Terrassa, Mons. Josep \u00c0ngel Saiz Meneses. Est\u00e1 inscrita en el registro del Ministerio de Just\u00edcia. El President del Patronat \u00e9s actualment Mn. Josep Monfort Mengod. Su finalidad estatutaria ... LLEGIR M\u00c9S...\" \/>\n<meta property=\"og:url\" content=\"https:\/\/musicasacragranollers.org\/es\/la-fundacion\/\" \/>\n<meta property=\"og:site_name\" content=\"Fundaci\u00f3 Pro M\u00fasica Sacra Granollers\" \/>\n<meta property=\"article:modified_time\" content=\"2022-01-18T15:00:24+00:00\" \/>\n<meta property=\"og:image\" content=\"https:\/\/musicasacragranollers.org\/wp-content\/uploads\/2022\/01\/Orgue-Josep_Maria-Ruera-Granollers.jpg\" \/>\n\t<meta property=\"og:image:width\" content=\"1005\" \/>\n\t<meta property=\"og:image:height\" content=\"1200\" \/>\n\t<meta property=\"og:image:type\" content=\"image\/jpeg\" \/>\n<meta name=\"twitter:card\" content=\"summary_large_image\" \/>\n<meta name=\"twitter:label1\" content=\"Tiempo de lectura\" \/>\n\t<meta name=\"twitter:data1\" content=\"1 minuto\" \/>\n<script type=\"application\/ld+json\" class=\"yoast-schema-graph\">{\"@context\":\"https:\/\/schema.org\",\"@graph\":[{\"@type\":\"WebPage\",\"@id\":\"https:\/\/musicasacragranollers.org\/es\/la-fundacion\/\",\"url\":\"https:\/\/musicasacragranollers.org\/es\/la-fundacion\/\",\"name\":\"La Fundaci\u00f3n - Fundaci\u00f3 Pro M\u00fasica Sacra Granollers\",\"isPartOf\":{\"@id\":\"https:\/\/musicasacragranollers.org\/#website\"},\"primaryImageOfPage\":{\"@id\":\"https:\/\/musicasacragranollers.org\/es\/la-fundacion\/#primaryimage\"},\"image\":{\"@id\":\"https:\/\/musicasacragranollers.org\/es\/la-fundacion\/#primaryimage\"},\"thumbnailUrl\":\"https:\/\/musicasacragranollers.org\/wp-content\/uploads\/2022\/01\/Orgue-Josep_Maria-Ruera-Granollers.jpg\",\"datePublished\":\"2022-01-18T15:00:18+00:00\",\"dateModified\":\"2022-01-18T15:00:24+00:00\",\"breadcrumb\":{\"@id\":\"https:\/\/musicasacragranollers.org\/es\/la-fundacion\/#breadcrumb\"},\"inLanguage\":\"es\",\"potentialAction\":[{\"@type\":\"ReadAction\",\"target\":[\"https:\/\/musicasacragranollers.org\/es\/la-fundacion\/\"]}]},{\"@type\":\"ImageObject\",\"inLanguage\":\"es\",\"@id\":\"https:\/\/musicasacragranollers.org\/es\/la-fundacion\/#primaryimage\",\"url\":\"https:\/\/musicasacragranollers.org\/wp-content\/uploads\/2022\/01\/Orgue-Josep_Maria-Ruera-Granollers.jpg\",\"contentUrl\":\"https:\/\/musicasacragranollers.org\/wp-content\/uploads\/2022\/01\/Orgue-Josep_Maria-Ruera-Granollers.jpg\",\"width\":1005,\"height\":1200},{\"@type\":\"BreadcrumbList\",\"@id\":\"https:\/\/musicasacragranollers.org\/es\/la-fundacion\/#breadcrumb\",\"itemListElement\":[{\"@type\":\"ListItem\",\"position\":1,\"name\":\"Inici\",\"item\":\"https:\/\/musicasacragranollers.org\/es\/\"},{\"@type\":\"ListItem\",\"position\":2,\"name\":\"La Fundaci\u00f3n\"}]},{\"@type\":\"WebSite\",\"@id\":\"https:\/\/musicasacragranollers.org\/#website\",\"url\":\"https:\/\/musicasacragranollers.org\/\",\"name\":\"Fundaci\u00f3 Pro M\u00fasica Sacra Granollers\",\"description\":\"\",\"publisher\":{\"@id\":\"https:\/\/musicasacragranollers.org\/#organization\"},\"potentialAction\":[{\"@type\":\"SearchAction\",\"target\":{\"@type\":\"EntryPoint\",\"urlTemplate\":\"https:\/\/musicasacragranollers.org\/?s={search_term_string}\"},\"query-input\":{\"@type\":\"PropertyValueSpecification\",\"valueRequired\":true,\"valueName\":\"search_term_string\"}}],\"inLanguage\":\"es\"},{\"@type\":\"Organization\",\"@id\":\"https:\/\/musicasacragranollers.org\/#organization\",\"name\":\"Fundaci\u00f3 Pro M\u00fasica Sacra Granollers\",\"url\":\"https:\/\/musicasacragranollers.org\/\",\"logo\":{\"@type\":\"ImageObject\",\"inLanguage\":\"es\",\"@id\":\"https:\/\/musicasacragranollers.org\/#\/schema\/logo\/image\/\",\"url\":\"https:\/\/musicasacragranollers.org\/wp-content\/uploads\/2021\/10\/MusicaSacraGranollers_bl-1.png\",\"contentUrl\":\"https:\/\/musicasacragranollers.org\/wp-content\/uploads\/2021\/10\/MusicaSacraGranollers_bl-1.png\",\"width\":500,\"height\":232,\"caption\":\"Fundaci\u00f3 Pro M\u00fasica Sacra Granollers\"},\"image\":{\"@id\":\"https:\/\/musicasacragranollers.org\/#\/schema\/logo\/image\/\"}}]}<\/script>\n<!-- \/ Yoast SEO plugin. -->","yoast_head_json":{"title":"La Fundaci\u00f3n - Fundaci\u00f3 Pro M\u00fasica Sacra Granollers","robots":{"index":"index","follow":"follow","max-snippet":"max-snippet:-1","max-image-preview":"max-image-preview:large","max-video-preview":"max-video-preview:-1"},"canonical":"https:\/\/musicasacragranollers.org\/es\/la-fundacion\/","og_locale":"es_ES","og_type":"article","og_title":"La Fundaci\u00f3n - Fundaci\u00f3 Pro M\u00fasica Sacra Granollers","og_description":"La Fundaci\u00f3 Pro M\u00fasica Sacra Granollers es una fundaci\u00f3n privada can\u00f3nica promovida por la Parroquia de Sant Esteve de Granollers, erigida en 2009 por el obispo de Terrassa, Mons. Josep \u00c0ngel Saiz Meneses. Est\u00e1 inscrita en el registro del Ministerio de Just\u00edcia. El President del Patronat \u00e9s actualment Mn. Josep Monfort Mengod. Su finalidad estatutaria ... LLEGIR M\u00c9S...","og_url":"https:\/\/musicasacragranollers.org\/es\/la-fundacion\/","og_site_name":"Fundaci\u00f3 Pro M\u00fasica Sacra Granollers","article_modified_time":"2022-01-18T15:00:24+00:00","og_image":[{"width":1005,"height":1200,"url":"https:\/\/musicasacragranollers.org\/wp-content\/uploads\/2022\/01\/Orgue-Josep_Maria-Ruera-Granollers.jpg","type":"image\/jpeg"}],"twitter_card":"summary_large_image","twitter_misc":{"Tiempo de lectura":"1 minuto"},"schema":{"@context":"https:\/\/schema.org","@graph":[{"@type":"WebPage","@id":"https:\/\/musicasacragranollers.org\/es\/la-fundacion\/","url":"https:\/\/musicasacragranollers.org\/es\/la-fundacion\/","name":"La Fundaci\u00f3n - Fundaci\u00f3 Pro M\u00fasica Sacra Granollers","isPartOf":{"@id":"https:\/\/musicasacragranollers.org\/#website"},"primaryImageOfPage":{"@id":"https:\/\/musicasacragranollers.org\/es\/la-fundacion\/#primaryimage"},"image":{"@id":"https:\/\/musicasacragranollers.org\/es\/la-fundacion\/#primaryimage"},"thumbnailUrl":"https:\/\/musicasacragranollers.org\/wp-content\/uploads\/2022\/01\/Orgue-Josep_Maria-Ruera-Granollers.jpg","datePublished":"2022-01-18T15:00:18+00:00","dateModified":"2022-01-18T15:00:24+00:00","breadcrumb":{"@id":"https:\/\/musicasacragranollers.org\/es\/la-fundacion\/#breadcrumb"},"inLanguage":"es","potentialAction":[{"@type":"ReadAction","target":["https:\/\/musicasacragranollers.org\/es\/la-fundacion\/"]}]},{"@type":"ImageObject","inLanguage":"es","@id":"https:\/\/musicasacragranollers.org\/es\/la-fundacion\/#primaryimage","url":"https:\/\/musicasacragranollers.org\/wp-content\/uploads\/2022\/01\/Orgue-Josep_Maria-Ruera-Granollers.jpg","contentUrl":"https:\/\/musicasacragranollers.org\/wp-content\/uploads\/2022\/01\/Orgue-Josep_Maria-Ruera-Granollers.jpg","width":1005,"height":1200},{"@type":"BreadcrumbList","@id":"https:\/\/musicasacragranollers.org\/es\/la-fundacion\/#breadcrumb","itemListElement":[{"@type":"ListItem","position":1,"name":"Inici","item":"https:\/\/musicasacragranollers.org\/es\/"},{"@type":"ListItem","position":2,"name":"La Fundaci\u00f3n"}]},{"@type":"WebSite","@id":"https:\/\/musicasacragranollers.org\/#website","url":"https:\/\/musicasacragranollers.org\/","name":"Fundaci\u00f3 Pro M\u00fasica Sacra Granollers","description":"","publisher":{"@id":"https:\/\/musicasacragranollers.org\/#organization"},"potentialAction":[{"@type":"SearchAction","target":{"@type":"EntryPoint","urlTemplate":"https:\/\/musicasacragranollers.org\/?s={search_term_string}"},"query-input":{"@type":"PropertyValueSpecification","valueRequired":true,"valueName":"search_term_string"}}],"inLanguage":"es"},{"@type":"Organization","@id":"https:\/\/musicasacragranollers.org\/#organization","name":"Fundaci\u00f3 Pro M\u00fasica Sacra Granollers","url":"https:\/\/musicasacragranollers.org\/","logo":{"@type":"ImageObject","inLanguage":"es","@id":"https:\/\/musicasacragranollers.org\/#\/schema\/logo\/image\/","url":"https:\/\/musicasacragranollers.org\/wp-content\/uploads\/2021\/10\/MusicaSacraGranollers_bl-1.png","contentUrl":"https:\/\/musicasacragranollers.org\/wp-content\/uploads\/2021\/10\/MusicaSacraGranollers_bl-1.png","width":500,"height":232,"caption":"Fundaci\u00f3 Pro M\u00fasica Sacra Granollers"},"image":{"@id":"https:\/\/musicasacragranollers.org\/#\/schema\/logo\/image\/"}}]}},"_links":{"self":[{"href":"https:\/\/musicasacragranollers.org\/es\/wp-json\/wp\/v2\/pages\/5586","targetHints":{"allow":["GET"]}}],"collection":[{"href":"https:\/\/musicasacragranollers.org\/es\/wp-json\/wp\/v2\/pages"}],"about":[{"href":"https:\/\/musicasacragranollers.org\/es\/wp-json\/wp\/v2\/types\/page"}],"author":[{"embeddable":true,"href":"https:\/\/musicasacragranollers.org\/es\/wp-json\/wp\/v2\/users\/1"}],"replies":[{"embeddable":true,"href":"https:\/\/musicasacragranollers.org\/es\/wp-json\/wp\/v2\/comments?post=5586"}],"version-history":[{"count":3,"href":"https:\/\/musicasacragranollers.org\/es\/wp-json\/wp\/v2\/pages\/5586\/revisions"}],"predecessor-version":[{"id":5589,"href":"https:\/\/musicasacragranollers.org\/es\/wp-json\/wp\/v2\/pages\/5586\/revisions\/5589"}],"wp:featuredmedia":[{"embeddable":true,"href":"https:\/\/musicasacragranollers.org\/es\/wp-json\/wp\/v2\/media\/5430"}],"wp:attachment":[{"href":"https:\/\/musicasacragranollers.org\/es\/wp-json\/wp\/v2\/media?parent=5586"}],"curies":[{"name":"wp","href":"https:\/\/api.w.org\/{rel}","templated":true}]}}